{"id":2620,"date":"2024-03-20T23:42:19","date_gmt":"2024-03-20T23:42:19","guid":{"rendered":"https:\/\/ergofacto.com.mx\/?page_id=2620"},"modified":"2024-06-15T09:04:50","modified_gmt":"2024-06-15T09:04:50","slug":"cursos","status":"publish","type":"page","link":"https:\/\/ergofacto.com.mx\/?page_id=2620","title":{"rendered":"Cursos"},"content":{"rendered":"<div class=\"gb-container gb-container-9db12572\">\n\n<p class=\" eplus-wrapper\">Conoce nuestra variedad de programas de capacitaci\u00f3n dise\u00f1ados para potenciar tus habilidades y conocimientos en diversos campos. Desde cursos introductorios hasta especializaciones avanzadas, nuestro cat\u00e1logo ofrece opciones para todos los niveles de experiencia y \u00e1reas de inter\u00e9s. Nuestros cursos est\u00e1n desarrollados por expertos en cada materia y se imparten de manera pr\u00e1ctica y accesible, ya sea en l\u00ednea o en nuestras instalaciones. Descubre c\u00f3mo nuestros programas de capacitaci\u00f3n pueden ayudarte a alcanzar tus objetivos profesionales y personales.<\/p>\n\n<\/div>\n\n<div class=\"wp-block-columns alignwide eplus-wrapper eplus-styles-uid-bb9bf3 is-layout-flex wp-container-core-columns-is-layout-829b1d53 wp-block-columns-is-layout-flex\" style=\"margin-bottom:0\">\n<div class=\"wp-block-column has-base-background-color has-text-color has-background has-link-color eplus-wrapper wp-elements-c735cc878b384a552f598915af39bde9\" style=\"color:#000000;padding-top:2em;padding-right:2em;padding-bottom:2em;padding-left:2em\">\n<h2 class=\" wp-block-heading eplus-wrapper\" id=\"single\" style=\"font-size:40px\"><strong>Cursos Presenciales<\/strong><\/h2>\n\n\n\n<p class=\" has-normal-font-size eplus-wrapper\" style=\"line-height:1.5\">Dise\u00f1ados para proporcionar una experiencia educativa integral y pr\u00e1ctica en el campo de la ergonom\u00eda laboral.<\/p>\n\n\n\n<hr class=\"is-style-wide wp-block-separator has-text-color has-css-opacity has-background eplus-wrapper\" style=\"background-color:#000000;color:#000000\">\n\n\n<ul class=\"has-normal-font-size eplus-wrapper wp-block-list eplus-styles-uid-95b75d\">\n<li class=\" eplus-wrapper\">Ofrecen una inmersi\u00f3n total en la ergonom\u00eda laboral<\/li>\n\n\n\n<li class=\" eplus-wrapper\">Combinan teor\u00eda y pr\u00e1ctica para garantizar un aprendizaje completo<\/li>\n\n\n\n<li class=\" eplus-wrapper\">Adquirir habilidades pr\u00e1cticas y mejorar la salud y productividad en tu entorno laboral<\/li>\n<\/ul><\/div>\n\n\n\n<div class=\"wp-block-column has-base-background-color has-text-color has-background has-link-color eplus-wrapper wp-elements-aea55f3d26981ccd55e66decbf8fa47b\" style=\"color:#000000;padding-top:2em;padding-right:2em;padding-bottom:2em;padding-left:2em\">\n<h2 class=\" wp-block-heading eplus-wrapper\" id=\"family\" style=\"font-size:40px\"><strong>Capacitaci\u00f3n en la Empresa<\/strong><\/h2>\n\n\n\n<p class=\" has-normal-font-size eplus-wrapper\" style=\"line-height:1.5\">Ofrecemos cursos especializados dise\u00f1ados a medida y entregados directamente en las instalaciones de nuestros valiosos clientes, brindando comodidad y adaptabilidad a sus necesidades de capacitaci\u00f3n<\/p>\n\n\n\n<hr class=\"is-style-wide wp-block-separator has-text-color has-css-opacity has-background eplus-wrapper\" style=\"background-color:#000000;color:#000000\">\n\n\n<ul class=\"has-normal-font-size eplus-wrapper wp-block-list eplus-styles-uid-8f21ba\">\n<li class=\" eplus-wrapper\">Ofrecemos programas de capacitaci\u00f3n adaptados a las necesidades espec\u00edficas de cada empresa.<\/li>\n\n\n\n<li class=\" eplus-wrapper\">Capacitaci\u00f3n en ergonom\u00eda: seguridad y bienestar laboral<\/li>\n\n\n\n<li class=\" eplus-wrapper\">&#8220;Ergonom\u00eda en empresas: prevenci\u00f3n de lesiones, aumento de productividad.&#8221;<\/li>\n\n\n\n<li class=\" eplus-wrapper\">&#8220;Entrenamiento ergon\u00f3mico: espacios de trabajo saludables y eficientes.&#8221;<\/li>\n<\/ul><\/div>\n\n\n\n<div class=\"wp-block-column has-base-background-color has-text-color has-background has-link-color eplus-wrapper wp-elements-200b634dfaea3e40ea4cc96031583836\" style=\"color:#000000;padding-top:2em;padding-right:2em;padding-bottom:2em;padding-left:2em\">\n<h2 class=\" wp-block-heading eplus-wrapper\" id=\"patron\" style=\"font-size:40px\"><strong>Cursos Online<\/strong><\/h2>\n\n\n\n<p class=\" eplus-wrapper\"><\/p>\n\n\n\n<p class=\" has-normal-font-size eplus-wrapper\">Lleva el Ergofacto ofrece cursos online de ergonom\u00eda que cubren desde conceptos b\u00e1sicos hasta t\u00e9cnicas avanzadas, dise\u00f1ados para mejorar la seguridad y el bienestar en el trabajo.apoyo al siguiente nivel.<\/p>\n\n\n\n<hr class=\"is-style-wide wp-block-separator has-text-color has-css-opacity has-background eplus-wrapper\" style=\"background-color:#000000;color:#000000\">\n\n\n<ul class=\"has-normal-font-size eplus-wrapper wp-block-list eplus-styles-uid-09bffe\">\n<li class=\" eplus-wrapper\">cursos online en ergonom\u00eda, accesibles desde cualquier lugar con conexi\u00f3n a internet.&#8221;<\/li>\n\n\n\n<li class=\" eplus-wrapper\">&#8220;Los cursos online de ergonom\u00eda de Ergofacto brindan conocimientos pr\u00e1cticos para mejorar la salud y el rendimiento laboral.&#8221;<\/li>\n\n\n\n<li class=\" eplus-wrapper\">&#8220;Con los cursos online de Ergofacto, puedes aprender a aplicar principios ergon\u00f3micos en tu entorno laboral de manera conveniente y eficaz.&#8221;<\/li>\n<\/ul><\/div>\n<\/div>\n\n\n<p class=\" eplus-wrapper\"><\/p>\n\n\n<div class=\"gb-grid-wrapper gb-grid-wrapper-49b972d1\">\n<div class=\"gb-grid-column gb-grid-column-680dcfd5\"><div class=\"gb-container gb-container-680dcfd5\">\n<div class=\"gb-container gb-container-7dde80d5\">\n\n<div class=\" wp-block-media-text is-stacked-on-mobile eplus-wrapper\"><figure class=\"wp-block-media-text__media\"><img fetchpriority=\"high\" decoding=\"async\" width=\"1024\" height=\"679\" src=\"https:\/\/ergofacto.com.mx\/wp-content\/uploads\/2024\/03\/111-1024x679.jpg\" alt=\"\" class=\"wp-image-2623 size-full\" srcset=\"https:\/\/ergofacto.com.mx\/wp-content\/uploads\/2024\/03\/111-1024x679.jpg 1024w, https:\/\/ergofacto.com.mx\/wp-content\/uploads\/2024\/03\/111-300x199.jpg 300w, https:\/\/ergofacto.com.mx\/wp-content\/uploads\/2024\/03\/111-768x509.jpg 768w, https:\/\/ergofacto.com.mx\/wp-content\/uploads\/2024\/03\/111.jpg 1500w\" sizes=\"(max-width: 1024px) 100vw, 1024px\" \/><\/figure><div class=\"wp-block-media-text__content\">\n<h2 class=\"gb-headline gb-headline-3cd6cd99 gb-headline-text\">CURSOS B\u00c1SICOS<\/h2>\n\n\n\n<p class=\" eplus-wrapper\">Cursos dirigidos a personas no especializadas, usuarios o trabajadores que tienen inter\u00e9s en aprender sobre temas ergon\u00f3micos<\/p>\n\n\n<div class=\"gb-container gb-container-d0d14107\">\n<ul class=\"eplus-wrapper wp-block-list eplus-styles-uid-2e8e67\">\n<li class=\" eplus-wrapper\">Introducci\u00f3n a la Ergonom\u00eda<\/li>\n\n\n\n<li class=\" eplus-wrapper\">Factores psicosociales en el trabajo.<\/li>\n\n\n\n<li class=\" eplus-wrapper\">Higiene de columna y manejo del dolor<\/li>\n\n\n\n<li class=\" eplus-wrapper\">Ergonom\u00eda en oficinas para usuarios.<\/li>\n\n\n\n<li class=\" eplus-wrapper\">Ergonom\u00eda y Teletrabajo o Home office<\/li>\n<\/ul>\n<\/div><\/div><\/div>\n\n\n\n<div class=\" wp-block-media-text has-media-on-the-right is-stacked-on-mobile eplus-wrapper\"><div class=\"wp-block-media-text__content\">\n<h2 class=\"gb-headline gb-headline-bc472740 gb-headline-text\">CURSOS INTERMEDIOS<\/h2>\n\n\n\n<p class=\" eplus-wrapper\">Cursos dirigidos a personas con conocimientos a nivel t\u00e9cnico, orientado a supervisores, t\u00e9cnicos, dise\u00f1adores o ingenieros que requieren conocimiento de Ergonom\u00eda para sus actividades<\/p>\n\n\n<div class=\"gb-container gb-container-4ee4fbd9\">\n<ul class=\"eplus-wrapper wp-block-list eplus-styles-uid-650264\">\n<li class=\" eplus-wrapper\">Ergonom\u00eda aplicada al puesto de trabajo<\/li>\n\n\n\n<li class=\" eplus-wrapper\">Evaluaci\u00f3n de la NOM 035<\/li>\n\n\n\n<li class=\" eplus-wrapper\">Evaluaci\u00f3n de la NOM 036<\/li>\n\n\n\n<li class=\" eplus-wrapper\">Factores de riesgo ergon\u00f3mico<\/li>\n\n\n\n<li class=\" eplus-wrapper\">Normatividad en Ergonom\u00eda<\/li>\n<\/ul>\n<\/div><\/div><figure class=\"wp-block-media-text__media\"><img decoding=\"async\" width=\"1024\" height=\"679\" src=\"https:\/\/ergofacto.com.mx\/wp-content\/uploads\/2024\/03\/106-1024x679.jpg\" alt=\"\" class=\"wp-image-2622 size-full\" srcset=\"https:\/\/ergofacto.com.mx\/wp-content\/uploads\/2024\/03\/106-1024x679.jpg 1024w, https:\/\/ergofacto.com.mx\/wp-content\/uploads\/2024\/03\/106-300x199.jpg 300w, https:\/\/ergofacto.com.mx\/wp-content\/uploads\/2024\/03\/106-768x509.jpg 768w, https:\/\/ergofacto.com.mx\/wp-content\/uploads\/2024\/03\/106.jpg 1500w\" sizes=\"(max-width: 1024px) 100vw, 1024px\" \/><\/figure><\/div>\n\n\n\n<div class=\" wp-block-media-text is-stacked-on-mobile eplus-wrapper\"><figure class=\"wp-block-media-text__media\"><img decoding=\"async\" width=\"1024\" height=\"679\" src=\"https:\/\/ergofacto.com.mx\/wp-content\/uploads\/2024\/03\/104-1024x679.jpg\" alt=\"\" class=\"wp-image-2621 size-full\" srcset=\"https:\/\/ergofacto.com.mx\/wp-content\/uploads\/2024\/03\/104-1024x679.jpg 1024w, https:\/\/ergofacto.com.mx\/wp-content\/uploads\/2024\/03\/104-300x199.jpg 300w, https:\/\/ergofacto.com.mx\/wp-content\/uploads\/2024\/03\/104-768x509.jpg 768w, https:\/\/ergofacto.com.mx\/wp-content\/uploads\/2024\/03\/104.jpg 1500w\" sizes=\"(max-width: 1024px) 100vw, 1024px\" \/><\/figure><div class=\"wp-block-media-text__content\">\n<h2 class=\"gb-headline gb-headline-fb6dfd1d gb-headline-text\">CURSOS ESPECIALIZADOS<\/h2>\n\n\n\n<p class=\" eplus-wrapper\">Cursos dirigidos a profesionales con conocimientos en Ergonom\u00eda, que son responsables de la aplicaci\u00f3n y evaluaci\u00f3n de programas ergon\u00f3micos en las empresas, m\u00e9dicos, ingenieros,&nbsp; dise\u00f1adores, mandos medios o gerentes.<\/p>\n\n\n<div class=\"gb-container gb-container-c0fdfd06\">\n<ul class=\"eplus-wrapper wp-block-list eplus-styles-uid-f8ac0a\">\n<li class=\" eplus-wrapper\">Certificaci\u00f3n en Antropometr\u00eda ISAK<\/li>\n\n\n\n<li class=\" eplus-wrapper\">Dise\u00f1o de puestos de trabajo<\/li>\n\n\n\n<li class=\" eplus-wrapper\">Ergonom\u00eda en Oficinas<\/li>\n\n\n\n<li class=\" eplus-wrapper\">Evaluaci\u00f3n del riesgo postural<\/li>\n\n\n\n<li class=\" eplus-wrapper\">Implementaci\u00f3n de Programas ergon\u00f3micos: NIOSH<\/li>\n\n\n\n<li class=\" eplus-wrapper\">M\u00e9todos para la evaluaci\u00f3n ergon\u00f3mica<\/li>\n<\/ul>\n<\/div><\/div><\/div>\n\n<\/div>\n<\/div><\/div>\n<\/div>","protected":false},"excerpt":{"rendered":"<p>Conoce nuestra variedad de programas de capacitaci\u00f3n dise\u00f1ados para potenciar tus habilidades y conocimientos en diversos campos. Desde cursos introductorios hasta especializaciones avanzadas, nuestro cat\u00e1logo ofrece opciones para todos los niveles de experiencia y \u00e1reas de inter\u00e9s. Nuestros cursos est\u00e1n desarrollados por expertos en cada materia y se imparten de manera pr\u00e1ctica y accesible, ya &#8230; <a title=\"Cursos\" class=\"read-more\" href=\"https:\/\/ergofacto.com.mx\/?page_id=2620\" aria-label=\"Leer m\u00e1s sobre Cursos\">Leer m\u00e1s<\/a><\/p>\n","protected":false},"author":1,"featured_media":0,"parent":0,"menu_order":0,"comment_status":"closed","ping_status":"closed","template":"","meta":{"_eb_attr":"","_uag_custom_page_level_css":"","editor_plus_copied_stylings":"{}","footnotes":""},"class_list":["post-2620","page","type-page","status-publish"],"aioseo_notices":[],"uagb_featured_image_src":{"full":false,"thumbnail":false,"medium":false,"medium_large":false,"large":false,"1536x1536":false,"2048x2048":false},"uagb_author_info":{"display_name":"Ergofacto","author_link":"https:\/\/ergofacto.com.mx\/?author=1"},"uagb_comment_info":0,"uagb_excerpt":"Conoce nuestra variedad de programas de capacitaci\u00f3n dise\u00f1ados para potenciar tus habilidades y conocimientos en diversos campos. Desde cursos introductorios hasta especializaciones avanzadas, nuestro cat\u00e1logo ofrece opciones para todos los niveles de experiencia y \u00e1reas de inter\u00e9s. Nuestros cursos est\u00e1n desarrollados por expertos en cada materia y se imparten de manera pr\u00e1ctica y accesible, ya&hellip;","_links":{"self":[{"href":"https:\/\/ergofacto.com.mx\/index.php?rest_route=\/wp\/v2\/pages\/2620","targetHints":{"allow":["GET"]}}],"collection":[{"href":"https:\/\/ergofacto.com.mx\/index.php?rest_route=\/wp\/v2\/pages"}],"about":[{"href":"https:\/\/ergofacto.com.mx\/index.php?rest_route=\/wp\/v2\/types\/page"}],"author":[{"embeddable":true,"href":"https:\/\/ergofacto.com.mx\/index.php?rest_route=\/wp\/v2\/users\/1"}],"replies":[{"embeddable":true,"href":"https:\/\/ergofacto.com.mx\/index.php?rest_route=%2Fwp%2Fv2%2Fcomments&post=2620"}],"version-history":[{"count":5,"href":"https:\/\/ergofacto.com.mx\/index.php?rest_route=\/wp\/v2\/pages\/2620\/revisions"}],"predecessor-version":[{"id":2879,"href":"https:\/\/ergofacto.com.mx\/index.php?rest_route=\/wp\/v2\/pages\/2620\/revisions\/2879"}],"wp:attachment":[{"href":"https:\/\/ergofacto.com.mx\/index.php?rest_route=%2Fwp%2Fv2%2Fmedia&parent=2620"}],"curies":[{"name":"wp","href":"https:\/\/api.w.org\/{rel}","templated":true}]}}