{"id":2704,"date":"2024-03-21T06:08:47","date_gmt":"2024-03-21T06:08:47","guid":{"rendered":"https:\/\/ergofacto.com.mx\/?page_id=2704"},"modified":"2024-04-04T13:12:31","modified_gmt":"2024-04-04T13:12:31","slug":"suscribete","status":"publish","type":"page","link":"https:\/\/ergofacto.com.mx\/?page_id=2704","title":{"rendered":"Suscr\u00edbete"},"content":{"rendered":"<div class=\"gb-container gb-container-f9f1c949\">\n<div class=\"wp-block-columns eplus-wrapper eplus-styles-uid-b8108d is-layout-flex wp-container-core-columns-is-layout-9d6595d7 wp-block-columns-is-layout-flex\">\n<div class=\"wp-block-column eplus-wrapper is-layout-flow wp-block-column-is-layout-flow\" style=\"flex-basis:25%\"><\/div>\n\n\n\n<div class=\"wp-block-column eplus-wrapper is-layout-flow wp-block-column-is-layout-flow\" style=\"flex-basis:50%\"><div class=\"gb-container gb-container-ee1193ca\">\n\n<h1 class=\" wp-block-heading eplus-wrapper\">Suscr\u00edbete a nuestra Newsletter<\/h1>\n\n\n\n<p class=\" eplus-wrapper\">Te mantendremos al tanto de las noticias relevantes en ergonom\u00eda. Obt\u00e9n informaci\u00f3n exclusiva y participa en eventos y webinars para suscriptores.<\/p>\n\n<\/div>\n\n<style id=\"wpforms-css-vars-2700-block-6e6be8cd-623d-48e1-af09-be0c65460ffb\">\n\t\t\t\t#wpforms-2700.wpforms-block-6e6be8cd-623d-48e1-af09-be0c65460ffb {\n\t\t\t\t--wpforms-button-background-color: var(--accent);\n\t\t\t}\n\t\t\t<\/style><div class=\"wpforms-container wpforms-container-full wpforms-block wpforms-block-6e6be8cd-623d-48e1-af09-be0c65460ffb wpforms-render-modern\" id=\"wpforms-2700\"><form id=\"wpforms-form-2700\" class=\"wpforms-validate wpforms-form wpforms-ajax-form\" data-formid=\"2700\" method=\"post\" enctype=\"multipart\/form-data\" action=\"\/index.php?rest_route=%2Fwp%2Fv2%2Fpages%2F2704\" data-token=\"b9affe41c41431b6acc9776837b5351b\" data-token-time=\"1778348893\"><noscript class=\"wpforms-error-noscript\">Por favor, activa JavaScript en tu navegador para completar este formulario.<\/noscript><div id=\"wpforms-error-noscript\" style=\"display: none;\">Por favor, activa JavaScript en tu navegador para completar este formulario.<\/div><div class=\"wpforms-field-container\"><div id=\"wpforms-2700-field_0-container\" class=\"wpforms-field wpforms-field-name\" data-field-id=\"0\"><fieldset><legend class=\"wpforms-field-label\">Nombre <span class=\"wpforms-required-label\" aria-hidden=\"true\">*<\/span><\/legend><div class=\"wpforms-field-row wpforms-field-medium\"><div class=\"wpforms-field-row-block wpforms-first wpforms-one-half\"><input type=\"text\" id=\"wpforms-2700-field_0\" class=\"wpforms-field-name-first wpforms-field-required\" name=\"wpforms[fields][0][first]\" aria-errormessage=\"wpforms-2700-field_0-error\" required><label for=\"wpforms-2700-field_0\" class=\"wpforms-field-sublabel after\">Nombre<\/label><\/div><div class=\"wpforms-field-row-block wpforms-one-half\"><input type=\"text\" id=\"wpforms-2700-field_0-last\" class=\"wpforms-field-name-last wpforms-field-required\" name=\"wpforms[fields][0][last]\" aria-errormessage=\"wpforms-2700-field_0-last-error\" required><label for=\"wpforms-2700-field_0-last\" class=\"wpforms-field-sublabel after\">Apellidos<\/label><\/div><\/div><\/fieldset><\/div><div id=\"wpforms-2700-field_1-container\" class=\"wpforms-field wpforms-field-email\" data-field-id=\"1\"><label class=\"wpforms-field-label\" for=\"wpforms-2700-field_1\">Correo electr\u00f3nico <span class=\"wpforms-required-label\" aria-hidden=\"true\">*<\/span><\/label><input type=\"email\" id=\"wpforms-2700-field_1\" class=\"wpforms-field-medium wpforms-field-required\" name=\"wpforms[fields][1]\" spellcheck=\"false\" aria-errormessage=\"wpforms-2700-field_1-error\" required><\/div><\/div><!-- .wpforms-field-container --><div class=\"wpforms-submit-container\"><input type=\"hidden\" name=\"wpforms[id]\" value=\"2700\"><input type=\"hidden\" name=\"page_title\" value=\"\"><input type=\"hidden\" name=\"page_url\" value=\"https:\/\/ergofacto.com.mx\/index.php?rest_route=\/wp\/v2\/pages\/2704\"><input type=\"hidden\" name=\"url_referer\" value=\"\"><button type=\"submit\" name=\"wpforms[submit]\" id=\"wpforms-submit-2700\" class=\"wpforms-submit\" data-alt-text=\"Enviando...\" data-submit-text=\"Enviar\" aria-live=\"assertive\" value=\"wpforms-submit\">Enviar<\/button><img decoding=\"async\" src=\"https:\/\/ergofacto.com.mx\/wp-content\/plugins\/wpforms-lite\/assets\/images\/submit-spin.svg\" class=\"wpforms-submit-spinner\" style=\"display: none;\" width=\"26\" height=\"26\" alt=\"Cargando\"><\/div><\/form><\/div>  <!-- .wpforms-container --><\/div>\n\n\n\n<div class=\"wp-block-column eplus-wrapper is-layout-flow wp-block-column-is-layout-flow\" style=\"flex-basis:25%\"><\/div>\n<\/div>\n<\/div>\n\n\n<div class=\"wp-block-uagb-container uagb-block-5a5f4c08 alignfull uagb-is-root-container\"><div class=\"uagb-container-inner-blocks-wrap\"><\/div><\/div>\n","protected":false},"excerpt":{"rendered":"<p>Suscr\u00edbete a nuestra Newsletter Te mantendremos al tanto de las noticias relevantes en ergonom\u00eda. Obt\u00e9n informaci\u00f3n exclusiva y participa en eventos y webinars para suscriptores.<\/p>\n","protected":false},"author":1,"featured_media":0,"parent":0,"menu_order":0,"comment_status":"closed","ping_status":"closed","template":"","meta":{"_eb_attr":"","_uag_custom_page_level_css":"","editor_plus_copied_stylings":"{}","footnotes":""},"class_list":["post-2704","page","type-page","status-publish"],"aioseo_notices":[],"uagb_featured_image_src":{"full":false,"thumbnail":false,"medium":false,"medium_large":false,"large":false,"1536x1536":false,"2048x2048":false},"uagb_author_info":{"display_name":"Ergofacto","author_link":"https:\/\/ergofacto.com.mx\/?author=1"},"uagb_comment_info":0,"uagb_excerpt":"Suscr\u00edbete a nuestra Newsletter Te mantendremos al tanto de las noticias relevantes en ergonom\u00eda. Obt\u00e9n informaci\u00f3n exclusiva y participa en eventos y webinars para suscriptores.","_links":{"self":[{"href":"https:\/\/ergofacto.com.mx\/index.php?rest_route=\/wp\/v2\/pages\/2704","targetHints":{"allow":["GET"]}}],"collection":[{"href":"https:\/\/ergofacto.com.mx\/index.php?rest_route=\/wp\/v2\/pages"}],"about":[{"href":"https:\/\/ergofacto.com.mx\/index.php?rest_route=\/wp\/v2\/types\/page"}],"author":[{"embeddable":true,"href":"https:\/\/ergofacto.com.mx\/index.php?rest_route=\/wp\/v2\/users\/1"}],"replies":[{"embeddable":true,"href":"https:\/\/ergofacto.com.mx\/index.php?rest_route=%2Fwp%2Fv2%2Fcomments&post=2704"}],"version-history":[{"count":15,"href":"https:\/\/ergofacto.com.mx\/index.php?rest_route=\/wp\/v2\/pages\/2704\/revisions"}],"predecessor-version":[{"id":2828,"href":"https:\/\/ergofacto.com.mx\/index.php?rest_route=\/wp\/v2\/pages\/2704\/revisions\/2828"}],"wp:attachment":[{"href":"https:\/\/ergofacto.com.mx\/index.php?rest_route=%2Fwp%2Fv2%2Fmedia&parent=2704"}],"curies":[{"name":"wp","href":"https:\/\/api.w.org\/{rel}","templated":true}]}}