{"id":41,"date":"2021-07-18T02:05:39","date_gmt":"2021-07-18T01:05:39","guid":{"rendered":"https:\/\/capital.wordifysites.com\/?page_id=41"},"modified":"2024-06-15T09:04:11","modified_gmt":"2024-06-15T09:04:11","slug":"services","status":"publish","type":"page","link":"https:\/\/ergofacto.com.mx\/?page_id=41","title":{"rendered":"Nuestros Servicios"},"content":{"rendered":"<section class=\"gb-container gb-container-83af212d\">\n\n<h2 class=\"gb-headline gb-headline-975dfa34 gb-headline-text\"> <\/h2>\n\n\n\n<h2 class=\"gb-headline gb-headline-1ed07110\"><span class=\"gb-icon\"><svg xmlns=\"http:\/\/www.w3.org\/2000\/svg\" viewBox=\"0 0 36.7 3\"><path d=\"M0 0h36.7v3H0z\"><\/path><\/svg><\/span><span class=\"gb-headline-text\">Nuestros <mark class=\"gb-highlight\">Servicios<\/mark><\/span><\/h2>\n\n\n\n<p class=\"gb-headline gb-headline-4ca5e7e6 gb-headline-text\"> <\/p>\n\n\n<div class=\"gb-grid-wrapper gb-grid-wrapper-27c08903\">\n<div class=\"gb-grid-column gb-grid-column-9dca584a\"><div class=\"gb-container gb-container-9dca584a\">\n\n<figure class=\"gb-block-image gb-block-image-2ba1b878\"><img fetchpriority=\"high\" decoding=\"async\" width=\"1500\" height=\"995\" class=\"gb-image gb-image-2ba1b878\" src=\"https:\/\/ergofacto.com.mx\/wp-content\/uploads\/2024\/03\/35.jpg\" alt=\"\" title=\"35\" srcset=\"https:\/\/ergofacto.com.mx\/wp-content\/uploads\/2024\/03\/35.jpg 1500w, https:\/\/ergofacto.com.mx\/wp-content\/uploads\/2024\/03\/35-300x199.jpg 300w, https:\/\/ergofacto.com.mx\/wp-content\/uploads\/2024\/03\/35-1024x679.jpg 1024w, https:\/\/ergofacto.com.mx\/wp-content\/uploads\/2024\/03\/35-768x509.jpg 768w\" sizes=\"(max-width: 1500px) 100vw, 1500px\" \/><\/figure>\n\n\n\n<h3 class=\"gb-headline gb-headline-7c765857 gb-headline-text\">ESTUDIOS ERGON\u00d3MICOS<\/h3>\n\n\n\n<p class=\"gb-headline gb-headline-3d1b5a16 gb-headline-text\">Los estudios ergon\u00f3micos laborales identifican riesgos en el ambiente de trabajo y su impacto en la salud de los trabajadores. Con ellos se pueden proponer soluciones para mejorar las condiciones laborales, reducir la fatiga y el estr\u00e9s. <\/p>\n\n\n\n<p class=\"gb-headline gb-headline-463222b4 gb-headline-text\">Son esenciales para garantizar la salud y seguridad de los trabajadores y mejorar la productividad laboral.<\/p>\n\n<\/div><\/div>\n\n<div class=\"gb-grid-column gb-grid-column-cd92e6a7\"><div class=\"gb-container gb-container-cd92e6a7\">\n\n<figure class=\"gb-block-image gb-block-image-0e2d8347\"><img decoding=\"async\" width=\"1500\" height=\"995\" class=\"gb-image gb-image-0e2d8347\" src=\"https:\/\/ergofacto.com.mx\/wp-content\/uploads\/2024\/03\/74.jpg\" alt=\"\" title=\"74\" srcset=\"https:\/\/ergofacto.com.mx\/wp-content\/uploads\/2024\/03\/74.jpg 1500w, https:\/\/ergofacto.com.mx\/wp-content\/uploads\/2024\/03\/74-300x199.jpg 300w, https:\/\/ergofacto.com.mx\/wp-content\/uploads\/2024\/03\/74-1024x679.jpg 1024w, https:\/\/ergofacto.com.mx\/wp-content\/uploads\/2024\/03\/74-768x509.jpg 768w\" sizes=\"(max-width: 1500px) 100vw, 1500px\" \/><\/figure>\n\n\n\n<h3 class=\"gb-headline gb-headline-67c86705 gb-headline-text\">IMPLEMENTACI\u00d3N DE NORMAS<\/h3>\n\n\n\n<p class=\"gb-headline gb-headline-8886b8cf gb-headline-text\">La implementaci\u00f3n de las normas NOM-036, NOM-035 y NOM-030 garantiza la salud y seguridad de los trabajadores, y mejora la productividad en el ambiente laboral. Esto se logra a trav\u00e9s de pol\u00edticas y pr\u00e1cticas laborales que promueven el bienestar f\u00edsico y emocional de los trabajadores, as\u00ed como la prevenci\u00f3n de lesiones y enfermedades relacionadas con el trabajo.<\/p>\n\n<\/div><\/div>\n\n<div class=\"gb-grid-column gb-grid-column-31f7045c\"><div class=\"gb-container gb-container-31f7045c\">\n\n<figure class=\"gb-block-image gb-block-image-b25d9af2\"><img decoding=\"async\" width=\"1024\" height=\"679\" class=\"gb-image gb-image-b25d9af2\" src=\"https:\/\/ergofacto.com.mx\/wp-content\/uploads\/2024\/03\/98-1024x679.jpg\" alt=\"\" title=\"98\" srcset=\"https:\/\/ergofacto.com.mx\/wp-content\/uploads\/2024\/03\/98-1024x679.jpg 1024w, https:\/\/ergofacto.com.mx\/wp-content\/uploads\/2024\/03\/98-300x199.jpg 300w, https:\/\/ergofacto.com.mx\/wp-content\/uploads\/2024\/03\/98-768x509.jpg 768w, https:\/\/ergofacto.com.mx\/wp-content\/uploads\/2024\/03\/98.jpg 1500w\" sizes=\"(max-width: 1024px) 100vw, 1024px\" \/><\/figure>\n\n\n\n<h3 class=\"gb-headline gb-headline-0295c461 gb-headline-text\">EVALUACIONES AL TRABAJADOR<\/h3>\n\n\n\n<p class=\"gb-headline gb-headline-fb0472c5 gb-headline-text\">Ofrecemos evaluaciones antropom\u00e9tricas y estudios biomec\u00e1nicos para evaluar la interacci\u00f3n del trabajador con su puesto de trabajo y prevenir problemas musculoesquel\u00e9ticos. Tambi\u00e9n  programas de ejercicios preventivos y correctivos,  rehabilitaci\u00f3n de trabajadores y asesoramiento nutricional para mejorar el bienestar f\u00edsico y emocional del trabajador.<\/p>\n\n<\/div><\/div>\n<\/div>\n<\/section>\n\n<section class=\"gb-container gb-container-ad63df80\">\n\n<h2 class=\"gb-headline gb-headline-b5937dea\"><span class=\"gb-icon\"><svg xmlns=\"http:\/\/www.w3.org\/2000\/svg\" viewBox=\"0 0 36.7 3\"><path d=\"M0 0h36.7v3H0z\"><\/path><\/svg><\/span><span class=\"gb-headline-text\">ESTUDIOS ERGON\u00d3MICOS<\/span><\/h2>\n\n\n\n<p class=\"gb-headline gb-headline-fbce00a7 gb-headline-text\">Los estudios ergon\u00f3micos laborales son una herramienta importante para las empresas que buscan garantizar la salud y seguridad de sus trabajadores y mejorar la productividad en el ambiente de trabajo.<\/p>\n\n\n<div class=\"gb-container gb-container-c96aa272\">\n<div class=\"gb-container gb-container-a4b5cd2e\">\n\n<h3 class=\"gb-headline gb-headline-b8d93b26 gb-headline-text\">DIAGN\u00d3STICO ERGON\u00d3MICO<\/h3>\n\n\n\n<p class=\"gb-headline gb-headline-940b6b59 gb-headline-text\">El diagn\u00f3stico ergon\u00f3mico es un an\u00e1lisis situacional de la empresa que se basa en un programa preventivo. Se analiza la informaci\u00f3n y se construye un mapa de riesgos f\u00edsicos, qu\u00edmicos, biol\u00f3gicos y ambientales, con \u00e9nfasis en los riesgos ergon\u00f3micos.<\/p>\n\n<\/div>\n\n<div class=\"gb-container gb-container-2189687a\">\n\n<h3 class=\"gb-headline gb-headline-bce23a6e gb-headline-text\">AN\u00c1LISIS ERGON\u00d3MICOS<\/h3>\n\n\n\n<p class=\"gb-headline gb-headline-aae6e5f1 gb-headline-text\">Los an\u00e1lisis ergon\u00f3micos eval\u00faan los riesgos ergon\u00f3micos en cada puesto de trabajo. Se usan videos, cuestionarios y listas de observaci\u00f3n para identificar riesgos potenciales, como movimientos repetitivos, posturas forzadas, cargas f\u00edsicas, factores psicosociales y vibraciones, entre otros.<\/p>\n\n<\/div>\n\n<div class=\"gb-container gb-container-6a373d73\">\n\n<h3 class=\"gb-headline gb-headline-3f40e469 gb-headline-text\">ERGONOM\u00cdA EN&nbsp;&nbsp; OFICINAS<\/h3>\n\n\n\n<p class=\"gb-headline gb-headline-719920b5 gb-headline-text\">La ergonom\u00eda en oficinas se enfoca en puestos de trabajo que tienen movilidad restringida en posici\u00f3n sentada en la mayor parte de la jornada, principalmente con pantallas de visualizaci\u00f3n como computadoras o laptops y monitores.<\/p>\n\n<\/div>\n\n<div class=\"gb-container gb-container-da1e1a18\">\n\n<p class=\"gb-headline gb-headline-36f25d91 gb-headline-text\"> <\/p>\n\n<\/div>\n\n<div class=\"gb-container gb-container-71b0d441\">\n\n<h3 class=\"gb-headline gb-headline-97b0cf53 gb-headline-text\">PROGRAMA&nbsp;ERGON\u00d3MICO<\/h3>\n\n\n\n<p class=\"gb-headline gb-headline-a7d0f23c gb-headline-text\">El Programa Ergon\u00f3mico de Ergofacto se basa en un conjunto de acciones preventivas y correctivas con el prop\u00f3sito de identificar, evaluar y controlar los Factores de Riesgo Ergon\u00f3mico.<\/p>\n\n<\/div>\n<\/div>\n<\/section>\n\n<section class=\"gb-container gb-container-d6150b84\">\n\n<h2 class=\"gb-headline gb-headline-2340ba1d\"><span class=\"gb-icon\"><svg xmlns=\"http:\/\/www.w3.org\/2000\/svg\" viewBox=\"0 0 36.7 3\"><path d=\"M0 0h36.7v3H0z\"><\/path><\/svg><\/span><span class=\"gb-headline-text\">IMPLEMENTACI\u00d3N DE NORMAS<\/span><\/h2>\n\n\n\n<p class=\"gb-headline gb-headline-0c1c6e85 gb-headline-text\">La implementaci\u00f3n de las normas NOM-036, NOM-035 y NOM-030 garantiza la salud y seguridad de los trabajadores, y mejora la productividad en el ambiente laboral. Esto se logra a trav\u00e9s de pol\u00edticas y pr\u00e1cticas laborales que promueven el bienestar f\u00edsico y emocional de los trabajadores, as\u00ed como la prevenci\u00f3n de lesiones y enfermedades relacionadas con el trabajo.<\/p>\n\n\n<div class=\"gb-container gb-container-9195a5f4\">\n<div class=\"gb-container gb-container-da6af460\">\n\n<h3 class=\"gb-headline gb-headline-f51b6e55 gb-headline-text\">NOM-030-STPS-2009<\/h3>\n\n\n\n<p class=\"gb-headline gb-headline-2e42747e gb-headline-text\">Asesoramos en el cumplimiento de la NOM 030, que establece las funciones y actividades que deber\u00e1n realizar los servicios preventivos de seguridad y salud en el trabajo para prevenir accidentes y enfermedades de trabajo.<\/p>\n\n<\/div>\n\n<div class=\"gb-container gb-container-d121fb1b\">\n\n<h3 class=\"gb-headline gb-headline-de52582e gb-headline-text\">NOM-036-1-STPS-2018<\/h3>\n\n\n\n<p class=\"gb-headline gb-headline-daff29cc gb-headline-text\">La NOM 036 establece los elementos para identificar, analizar, prevenir y controlar los factores de riesgo ergon\u00f3mico en los centros de trabajo derivados del manejo manual de cargas para prevenir alteraciones a la salud de los trabajadores.<\/p>\n\n<\/div>\n\n<div class=\"gb-container gb-container-43671bdc\">\n\n<h3 class=\"gb-headline gb-headline-9a50229f gb-headline-text\">NOM-035-STPS-2018<\/h3>\n\n\n\n<p class=\"gb-headline gb-headline-cc6baf63 gb-headline-text\">La NOM-035-STPS-2018 es una norma que establece los factores de riesgo psicosocial en el trabajo y su prevenci\u00f3n. Esta norma permite identificar y analizar los factores de riesgo psicosocial y evaluar el entorno en el que los trabajadores realizan sus actividades.<\/p>\n\n<\/div>\n\n<div class=\"gb-container gb-container-a7bf07e8\">\n\n<p class=\"gb-headline gb-headline-af96cd8b gb-headline-text\"> <\/p>\n\n<\/div>\n\n<div class=\"gb-container gb-container-ec1bfaee\">\n\n<h3 class=\"gb-headline gb-headline-f7d65b2b gb-headline-text\">NOM-037-STPS-2023 <\/h3>\n\n\n\n<p class=\"gb-headline gb-headline-2953fcc3 gb-headline-text\">Ofrecemos asesoramiento para cumplir con la NOM-037-STPS-2023, que garantiza condiciones de seguridad y salud en los puestos de teletrabajo. Nuestro objetivo es prevenir accidentes, enfermedades y promover un entorno laboral seguro y saludable.<\/p>\n\n<\/div>\n<\/div>\n<\/section>\n\n<section class=\"gb-container gb-container-2a48b70c\">\n\n<h2 class=\"gb-headline gb-headline-aaace25e\"><span class=\"gb-icon\"><svg xmlns=\"http:\/\/www.w3.org\/2000\/svg\" viewBox=\"0 0 36.7 3\"><path d=\"M0 0h36.7v3H0z\"><\/path><\/svg><\/span><span class=\"gb-headline-text\">EVALUACIONES AL TRABAJADOR<\/span><\/h2>\n\n\n\n<p class=\"gb-headline gb-headline-d8045dcd gb-headline-text\">Ofrecemos evaluaciones antropom\u00e9tricas y estudios biomec\u00e1nicos para evaluar la interacci\u00f3n del trabajador con su puesto de trabajo y prevenir problemas musculoesquel\u00e9ticos.<\/p>\n\n\n<div class=\"gb-container gb-container-73c7b9c5\">\n<div class=\"gb-container gb-container-8ec1b1bf\">\n\n<h3 class=\"gb-headline gb-headline-d72d26e7 gb-headline-text\">ANTROPOMETR\u00cdA<\/h3>\n\n\n\n<p class=\"gb-headline gb-headline-98c3ccdc gb-headline-text\">Antropometr\u00eda, es el estudio de las dimensiones del cuerpo humano. La medici\u00f3n sistematizada de variables anat\u00f3micas esta avalada por la International Society for the Advancement of Kinathropometry (ISAK).<\/p>\n\n<\/div>\n\n<div class=\"gb-container gb-container-ee49fb4d\">\n\n<h3 class=\"gb-headline gb-headline-a114b029 gb-headline-text\">ESTUDIOS&nbsp;&nbsp; BIOMEC\u00c1NICOS<\/h3>\n\n\n\n<p class=\"gb-headline gb-headline-4ef2aa38 gb-headline-text\">La Biomec\u00e1nica es la ciencia que estudia c\u00f3mo se generan movimientos del cuerpo humano., aplicada en el entono laboral nos permite comprender la interacci\u00f3n del trabajador con las actividades y elementos en su puesto de trabajo.<\/p>\n\n<\/div>\n\n<div class=\"gb-container gb-container-db69d8fd\">\n\n<h3 class=\"gb-headline gb-headline-d3b47549 gb-headline-text\">FISIOTERAPIA LABORAL<\/h3>\n\n\n\n<p class=\"gb-headline gb-headline-64a41021 gb-headline-text\">La fisioterapia en el entorno laboral es importante para la prevenci\u00f3n de accidentes y problemas musculoesquel\u00e9ticos, promoviendo posturas saludables y seguras para el trabajador.<\/p>\n\n<\/div>\n\n<div class=\"gb-container gb-container-2a99ef94\">\n\n<h3 class=\"gb-headline gb-headline-a17ac79c gb-headline-text\"> <\/h3>\n\n\n\n<p class=\"gb-headline gb-headline-2182c819 gb-headline-text\"> <\/p>\n\n<\/div>\n\n<div class=\"gb-container gb-container-e418320d\">\n\n<h3 class=\"gb-headline gb-headline-2aebb960 gb-headline-text\">NUTRICI\u00d3N LABORAL<\/h3>\n\n\n\n<p class=\"gb-headline gb-headline-c17fe6ab gb-headline-text\">Ofrecemos asesor\u00eda de nutri\u00f3logos expertos en el dise\u00f1o de programas de alimentaci\u00f3n que complementen los programas de promoci\u00f3n de la salud en la empresa.<\/p>\n\n<\/div>\n\n<div class=\"gb-container gb-container-dc9670fe\">\n\n<p class=\"gb-headline gb-headline-da06ddc6 gb-headline-text\"> <\/p>\n\n<\/div>\n<\/div>\n\n<div class=\"gb-container gb-container-f8bcaa27\"><\/div>\n<\/section>","protected":false},"excerpt":{"rendered":"<p>Nuestros Servicios ESTUDIOS ERGON\u00d3MICOS Los estudios ergon\u00f3micos laborales son una herramienta importante para las empresas que buscan garantizar la salud y seguridad de sus trabajadores y mejorar la productividad en el ambiente de trabajo. DIAGN\u00d3STICO ERGON\u00d3MICO El diagn\u00f3stico ergon\u00f3mico es un an\u00e1lisis situacional de la empresa que se basa en un programa preventivo. Se analiza &#8230; <a title=\"Nuestros Servicios\" class=\"read-more\" href=\"https:\/\/ergofacto.com.mx\/?page_id=41\" aria-label=\"Leer m\u00e1s sobre Nuestros Servicios\">Leer m\u00e1s<\/a><\/p>\n","protected":false},"author":1,"featured_media":0,"parent":0,"menu_order":0,"comment_status":"closed","ping_status":"closed","template":"","meta":{"_eb_attr":"","_uag_custom_page_level_css":"","editor_plus_copied_stylings":"{}","footnotes":""},"class_list":["post-41","page","type-page","status-publish"],"aioseo_notices":[],"uagb_featured_image_src":{"full":false,"thumbnail":false,"medium":false,"medium_large":false,"large":false,"1536x1536":false,"2048x2048":false},"uagb_author_info":{"display_name":"Ergofacto","author_link":"https:\/\/ergofacto.com.mx\/?author=1"},"uagb_comment_info":0,"uagb_excerpt":"Nuestros Servicios ESTUDIOS ERGON\u00d3MICOS Los estudios ergon\u00f3micos laborales son una herramienta importante para las empresas que buscan garantizar la salud y seguridad de sus trabajadores y mejorar la productividad en el ambiente de trabajo. DIAGN\u00d3STICO ERGON\u00d3MICO El diagn\u00f3stico ergon\u00f3mico es un an\u00e1lisis situacional de la empresa que se basa en un programa preventivo. Se analiza&hellip;","_links":{"self":[{"href":"https:\/\/ergofacto.com.mx\/index.php?rest_route=\/wp\/v2\/pages\/41","targetHints":{"allow":["GET"]}}],"collection":[{"href":"https:\/\/ergofacto.com.mx\/index.php?rest_route=\/wp\/v2\/pages"}],"about":[{"href":"https:\/\/ergofacto.com.mx\/index.php?rest_route=\/wp\/v2\/types\/page"}],"author":[{"embeddable":true,"href":"https:\/\/ergofacto.com.mx\/index.php?rest_route=\/wp\/v2\/users\/1"}],"replies":[{"embeddable":true,"href":"https:\/\/ergofacto.com.mx\/index.php?rest_route=%2Fwp%2Fv2%2Fcomments&post=41"}],"version-history":[{"count":10,"href":"https:\/\/ergofacto.com.mx\/index.php?rest_route=\/wp\/v2\/pages\/41\/revisions"}],"predecessor-version":[{"id":2837,"href":"https:\/\/ergofacto.com.mx\/index.php?rest_route=\/wp\/v2\/pages\/41\/revisions\/2837"}],"wp:attachment":[{"href":"https:\/\/ergofacto.com.mx\/index.php?rest_route=%2Fwp%2Fv2%2Fmedia&parent=41"}],"curies":[{"name":"wp","href":"https:\/\/api.w.org\/{rel}","templated":true}]}}