{"id":47,"date":"2021-07-18T02:07:54","date_gmt":"2021-07-18T01:07:54","guid":{"rendered":"https:\/\/capital.wordifysites.com\/?page_id=47"},"modified":"2024-10-24T06:19:49","modified_gmt":"2024-10-24T06:19:49","slug":"contacto","status":"publish","type":"page","link":"https:\/\/ergofacto.com.mx\/?page_id=47","title":{"rendered":"Contacto"},"content":{"rendered":"<section class=\"gb-container gb-container-9c323e47\">\n<div class=\"gb-container gb-container-3141a4e3\">\n<div class=\"wp-block-columns eplus-wrapper eplus-styles-uid-12f8c4 is-layout-flex wp-container-core-columns-is-layout-9d6595d7 wp-block-columns-is-layout-flex\">\n<div class=\"wp-block-column eplus-wrapper is-layout-flow wp-block-column-is-layout-flow\">\n<div class=\"wp-block-uagb-container uagb-block-nogdvijd alignfull uagb-is-root-container\"><div class=\"uagb-container-inner-blocks-wrap\">\n<div class=\"wp-block-uagb-container uagb-block-xon1ygza\">\n<div class=\"wp-block-uagb-info-box uagb-block-4y6ba2go uagb-infobox__content-wrap  uagb-infobox-icon-above-title uagb-infobox-image-valign-top\"><div class=\"uagb-ifb-content\"><div class=\"uagb-ifb-title-wrap\"><h5 class=\"uagb-ifb-title\">\u00a1Cont\u00e1ctanos hoy mismo para descubrir c\u00f3mo podemos ayudarte a mejorar tu espacio de trabajo y aumentar tu productividad! \ud83d\ude80\ud83d\udcbc<\/h5><\/div><\/div><\/div>\n\n\n\n<div class=\"wp-block-uagb-container uagb-block-wzh0t2ib\">\n<div class=\"wp-block-uagb-forms uagb-forms__outer-wrap uagb-block-fuwbv1xk uagb-forms__default-btn\"><form class=\"uagb-forms-main-form\" method=\"post\" autocomplete=\"on\" name=\"uagb-form-fuwbv1xk\">\n<div class=\"wp-block-uagb-forms-name uagb-forms-name-wrap uagb-forms-field-set uagb-block-syjtzpfq uag-col-2\"><div class=\"uagb-forms-name-label required uagb-forms-input-label\" id=\"syjtzpfq\">Nombre<\/div><input type=\"text\" placeholder=\"\" required class=\"uagb-forms-name-input uagb-forms-input\" name=\"syjtzpfq\" autocomplete=\"given-name\"><\/div>\n\n\n\n<div class=\"wp-block-uagb-forms-name uagb-forms-name-wrap uagb-forms-field-set uagb-block-71l7mlvy uag-col-2\"><div class=\"uagb-forms-name-label required uagb-forms-input-label\" id=\"71l7mlvy\">Apellido<\/div><input type=\"text\" placeholder=\"\" required class=\"uagb-forms-name-input uagb-forms-input\" name=\"71l7mlvy\" autocomplete=\"family-name\"><\/div>\n\n\n\n<div class=\"wp-block-uagb-forms-email uagb-forms-email-wrap uagb-forms-field-set uagb-block-92aafc2d\"><div class=\"uagb-forms-email-label required uagb-forms-input-label\" id=\"92aafc2d\">Correo electr\u00f3nico<\/div><input type=\"email\" class=\"uagb-forms-email-input uagb-forms-input\" placeholder=\"\" required name=\"92aafc2d\" autocomplete=\"email\"><\/div>\n\n\n\n<div class=\"wp-block-uagb-forms-textarea uagb-forms-textarea-wrap uagb-forms-field-set uagb-block-vvldccdn\"><div class=\"uagb-forms-textarea-label required uagb-forms-input-label\" id=\"vvldccdn\">Mensaje<\/div><textarea required class=\"uagb-forms-textarea-input uagb-forms-input\" rows=\"6\" placeholder=\"\" name=\"vvldccdn\" autocomplete=\"off\"><\/textarea><\/div>\n<div class=\"uagb-forms-form-hidden-data\"><input type=\"hidden\" class=\"uagb_forms_form_label\" value=\"Spectra Form\"><input type=\"hidden\" class=\"uagb_forms_form_id\" value=\"uagb-form-fuwbv1xk\"><\/div><div class=\"uagb-form-reacaptcha-error-fuwbv1xk\"><\/div><div class=\"uagb-forms-main-submit-button-wrap wp-block-button\"><button class=\"uagb-forms-main-submit-button wp-block-button__link\"><div class=\"uagb-forms-main-submit-button-text\">   Enviar    <\/div><\/button><\/div><\/form><div class=\"uagb-forms-success-message-fuwbv1xk uagb-forms-submit-message-hide\"><span>El formulario ha sido enviado exitosamente.<\/span><\/div><div class=\"uagb-forms-failed-message-fuwbv1xk uagb-forms-submit-message-hide\"><span>Ha ocurrido un error al enviar el formulario. Por favor, verifique nuevamente todos los campos del formulario.<\/span><\/div><\/div>\n<\/div>\n<\/div>\n\n\n\n<div class=\"wp-block-uagb-container uagb-block-32q6rdth\">\n<div class=\"wp-block-uagb-container uagb-block-d62436ac\">\n<h2 class=\"gb-headline gb-headline-a1860924 heading-icon-reversed\"><span class=\"gb-icon\"><svg viewbox=\"0 0 612 612\" xmlns=\"http:\/\/www.w3.org\/2000\/svg\"><path d=\"M0 287.468h612v37.064H0z\"><\/path><\/svg><\/span><span class=\"gb-headline-text\">Contacto<\/span><\/h2>\n<\/div>\n\n\n\n<div class=\"wp-block-uagb-container uagb-block-61522ec2\">\n<h2 class=\"gb-headline gb-headline-2d13fa97 gb-headline-text\">Cont\u00e1ctanos hoy mismo<\/h2>\n<\/div>\n\n\n\n<div class=\"wp-block-uagb-container uagb-block-5b5b38dd\">\n<p class=\"gb-headline gb-headline-db49b433 gb-headline-text\">\u00bfEst\u00e1s interesado en mejorar las condiciones laborales en su empresa? En Ergofacto ofrecemos servicios de ergonom\u00eda laboral para hacer de su empresa un lugar m\u00e1s c\u00f3modo y seguro para trabajar<\/p>\n<\/div>\n\n\n\n<div class=\"wp-block-uagb-container uagb-block-391b26d7\">\n<p class=\"gb-headline gb-headline-bea1663d\"><span class=\"gb-icon\"><svg viewbox=\"0 0 512 512\" xmlns=\"http:\/\/www.w3.org\/2000\/svg\"><path d=\"M232.484 390.324c-3.902 3.899-3.902 10.23 0 14.137 3.91 3.902 10.239 3.902 14.137 0 3.91-3.906 3.91-10.238 0-14.137-3.898-3.91-10.226-3.91-14.137 0zm0 0\"><\/path><path d=\"M488.918 372.957l-75.922-64.559c-.351-.296-.723-.57-1.11-.816-19.917-12.68-45.491-9.871-62.19 6.824l-41.395 41.39a9.975 9.975 0 01-10.895 2.173c-46.742-19.336-85.14-48.446-114.129-86.512-22.105-29.027-30.074-52.094-31.125-55.344a9.938 9.938 0 00-.605-2.062 9.949 9.949 0 012.172-10.887l41.39-41.402c16.7-16.7 19.504-42.274 6.825-62.192-.102-.16-.207-.316-.317-.472L146.79 22.906C129.54-3.855 91.965-7.898 69.414 14.648l-8.289 8.29a.047.047 0 01-.02.019L31.512 52.551C-3.778 87.844-9.551 140.875 14.82 205.92c20.875 55.72 62.664 116.7 117.668 171.704 56.305 56.305 118.934 98.867 176.348 119.848 56.828 20.761 117.277 23.32 160.062-19.47l27.91-27.905c22.45-22.453 18.532-59.782-7.89-77.141zm-88.313-48.848l75.856 64.504c.348.297.719.57 1.105.817 16.204 10.316 18.657 32.972 5.098 46.527l-2.07 2.074-129.38-96.867 12.622-12.617c9.863-9.867 24.894-11.652 36.77-4.438zM130.082 33.895c.102.16.207.32.316.472l54.805 76.164c7.445 11.918 5.723 27.133-4.234 37.09l-12.23 12.234L81.206 31.137l2.348-2.348c13.613-13.613 36.25-11.039 46.527 5.106zm185.613 444.793c-54.734-20-114.777-60.915-169.066-115.204-53.031-53.027-93.191-111.476-113.086-164.578-14.934-39.86-24.953-95.152 12.11-132.21l21.16-21.165 87.53 128.719-14.761 14.77a29.88 29.88 0 00-6.848 31.835c3.157 12.954 17.68 39.84 32.332 59.653 21.563 29.156 60.7 69.465 124.696 95.941 11.246 4.653 24.07 2.098 32.68-6.508l14.488-14.492 129.379 96.867-11.551 11.547c-39.73 39.735-97.551 29.992-139.063 14.824zm0 0\"><\/path><path d=\"M213.719 366.45c-10.563-9.262-28.832-25.192-38.453-35.09-23.594-24.247-48.348-53.637-63.067-74.872-3.144-4.539-9.375-5.672-13.914-2.523-4.539 3.144-5.668 9.375-2.523 13.914 18.562 26.781 45.836 57.555 65.168 77.422 10.156 10.453 28.582 26.523 39.601 36.183 4.145 3.633 10.461 3.235 14.114-.925 3.64-4.149 3.226-10.47-.926-14.11zm0 0\"><\/path><\/svg><\/span><span class=\"gb-headline-text\">(01 )55 87 49 23 53<\/span><\/p>\n<\/div>\n\n\n\n<div class=\"wp-block-uagb-container uagb-block-08a07f7b\">\n<p class=\"gb-headline gb-headline-5ad9087f\"><span class=\"gb-icon\"><svg viewbox=\"0 0 512 512\" xmlns=\"http:\/\/www.w3.org\/2000\/svg\"><path d=\"M467 61H45C20.218 61 0 81.196 0 106v300c0 24.72 20.128 45 45 45h422c24.72 0 45-20.128 45-45V106c0-24.72-20.128-45-45-45zm-6.214 30L256.954 294.833 51.359 91h409.427zM30 399.788V112.069l144.479 143.24L30 399.788zM51.213 421l144.57-144.57 50.657 50.222c5.864 5.814 15.327 5.795 21.167-.046L317 277.213 460.787 421H51.213zM482 399.787L338.213 256 482 112.212v287.575z\"><\/path><\/svg><\/span><span class=\"gb-headline-text\"><a href=\"mailto:hello@capital.com\">contacto@ergofacto.com.mx<\/a><\/span><\/p>\n<\/div>\n\n\n\n<div class=\"wp-block-uagb-container uagb-block-75ba3b96\">\n<p class=\"gb-headline gb-headline-e470f235\"><span class=\"gb-icon\"><svg viewbox=\"0 0 512 512\" xmlns=\"http:\/\/www.w3.org\/2000\/svg\"><path d=\"M256 0C156.748 0 76 80.748 76 180c0 33.534 9.289 66.26 26.869 94.652l142.885 230.257A15 15 0 00258.499 512h.119a14.997 14.997 0 0012.75-7.292L410.611 272.22C427.221 244.428 436 212.539 436 180 436 80.748 355.252 0 256 0zm128.866 256.818L258.272 468.186l-129.905-209.34C113.734 235.214 105.8 207.95 105.8 180c0-82.71 67.49-150.2 150.2-150.2S406.1 97.29 406.1 180c0 27.121-7.411 53.688-21.234 76.818z\"><\/path><path d=\"M256 90c-49.626 0-90 40.374-90 90 0 49.309 39.717 90 90 90 50.903 0 90-41.233 90-90 0-49.626-40.374-90-90-90zm0 150.2c-33.257 0-60.2-27.033-60.2-60.2 0-33.084 27.116-60.2 60.2-60.2s60.1 27.116 60.1 60.2c0 32.683-26.316 60.2-60.1 60.2z\"><\/path><\/svg><\/span><span class=\"gb-headline-text\">Av. Camino Real a Toluca.  U.Santa F\u00e9. \u00c1lvaro Obreg\u00f3n, CDMX<\/span><\/p>\n<\/div>\n\n\n\n<div class=\"wp-block-uagb-container uagb-block-vnnjpwuo\">\n<div class=\"wp-block-uagb-container uagb-block-ll3s6vs9\">\n<div class=\"wp-block-uagb-info-box uagb-block-41h1l8hz uagb-infobox__content-wrap  uagb-infobox-icon-above-title uagb-infobox-image-valign-top\"><div class=\"uagb-ifb-content\"><div class=\"uagb-ifb-title-wrap\"><h6 class=\"uagb-ifb-title\">S\u00edguenos:<\/h6><\/div><\/div><\/div>\n<\/div>\n\n\n\n<div class=\"wp-block-uagb-container uagb-block-9370c4e6\"><div class=\"gb-container gb-container-27991aa5\">\n\n<a class=\"gb-button gb-button-87707e67\" href=\"https:\/\/www.facebook.com\/ergofactoconsultores\"><span class=\"gb-icon\"><svg xmlns=\"http:\/\/www.w3.org\/2000\/svg\" viewbox=\"0 0 320 512\" width=\"1em\" height=\"1em\" aria-hidden=\"true\"><path d=\"M279.14 288l14.22-92.66h-88.91v-60.13c0-25.35 12.42-50.06 52.24-50.06h40.42V6.26S260.43 0 225.36 0c-73.22 0-121.08 44.38-121.08 124.72v70.62H22.89V288h81.39v224h100.17V288z\" fill=\"currentColor\"><\/path><\/svg><\/span><\/a>\n\n\n\n<a class=\"gb-button gb-button-70092957\" href=\"https:\/\/www.instagram.com\/ergofacto_sc\/\"><span class=\"gb-icon\"><svg aria-hidden=\"true\" role=\"img\" height=\"1em\" width=\"1em\" viewbox=\"0 0 448 512\" xmlns=\"http:\/\/www.w3.org\/2000\/svg\"><path fill=\"currentColor\" d=\"M100.28 448H7.4V148.9h92.88zM53.79 108.1C24.09 108.1 0 83.5 0 53.8a53.79 53.79 0 0 1 107.58 0c0 29.7-24.1 54.3-53.79 54.3zM447.9 448h-92.68V302.4c0-34.7-.7-79.2-48.29-79.2-48.29 0-55.69 37.7-55.69 76.7V448h-92.78V148.9h89.08v40.8h1.3c12.4-23.5 42.69-48.3 87.88-48.3 94 0 111.28 61.9 111.28 142.3V448z\"><\/path><\/svg><\/span><\/a>\n\n\n\n<a class=\"gb-button gb-button-c089ab9e\" href=\"https:\/\/www.instagram.com\/ergofacto_sc\/\"><span class=\"gb-icon\"><svg aria-hidden=\"true\" role=\"img\" height=\"1em\" width=\"1em\" viewbox=\"0 0 448 512\" xmlns=\"http:\/\/www.w3.org\/2000\/svg\"><path fill=\"currentColor\" d=\"M224.1 141c-63.6 0-114.9 51.3-114.9 114.9s51.3 114.9 114.9 114.9S339 319.5 339 255.9 287.7 141 224.1 141zm0 189.6c-41.1 0-74.7-33.5-74.7-74.7s33.5-74.7 74.7-74.7 74.7 33.5 74.7 74.7-33.6 74.7-74.7 74.7zm146.4-194.3c0 14.9-12 26.8-26.8 26.8-14.9 0-26.8-12-26.8-26.8s12-26.8 26.8-26.8 26.8 12 26.8 26.8zm76.1 27.2c-1.7-35.9-9.9-67.7-36.2-93.9-26.2-26.2-58-34.4-93.9-36.2-37-2.1-147.9-2.1-184.9 0-35.8 1.7-67.6 9.9-93.9 36.1s-34.4 58-36.2 93.9c-2.1 37-2.1 147.9 0 184.9 1.7 35.9 9.9 67.7 36.2 93.9s58 34.4 93.9 36.2c37 2.1 147.9 2.1 184.9 0 35.9-1.7 67.7-9.9 93.9-36.2 26.2-26.2 34.4-58 36.2-93.9 2.1-37 2.1-147.8 0-184.8zM398.8 388c-7.8 19.6-22.9 34.7-42.6 42.6-29.5 11.7-99.5 9-132.1 9s-102.7 2.6-132.1-9c-19.6-7.8-34.7-22.9-42.6-42.6-11.7-29.5-9-99.5-9-132.1s-2.6-102.7 9-132.1c7.8-19.6 22.9-34.7 42.6-42.6 29.5-11.7 99.5-9 132.1-9s102.7-2.6 132.1 9c19.6 7.8 34.7 22.9 42.6 42.6 11.7 29.5 9 99.5 9 132.1s2.7 102.7-9 132.1z\"><\/path><\/svg><\/span><\/a>\n\n\n\n<a class=\"gb-button gb-button-f0ae2629\" href=\"https:\/\/twitter.com\/ErgofactoSC\"><span class=\"gb-icon\"><svg xmlns=\"http:\/\/www.w3.org\/2000\/svg\" viewbox=\"0 0 512 512\" width=\"1em\" height=\"1em\" aria-hidden=\"true\"><path d=\"M459.37 151.716c.325 4.548.325 9.097.325 13.645 0 138.72-105.583 298.558-298.558 298.558-59.452 0-114.68-17.219-161.137-47.106 8.447.974 16.568 1.299 25.34 1.299 49.055 0 94.213-16.568 130.274-44.832-46.132-.975-84.792-31.188-98.112-72.772 6.498.974 12.995 1.624 19.818 1.624 9.421 0 18.843-1.3 27.614-3.573-48.081-9.747-84.143-51.98-84.143-102.985v-1.299c13.969 7.797 30.214 12.67 47.431 13.319-28.264-18.843-46.781-51.005-46.781-87.391 0-19.492 5.197-37.36 14.294-52.954 51.655 63.675 129.3 105.258 216.365 109.807-1.624-7.797-2.599-15.918-2.599-24.04 0-57.828 46.782-104.934 104.934-104.934 30.213 0 57.502 12.67 76.67 33.137 23.715-4.548 46.456-13.32 66.599-25.34-7.798 24.366-24.366 44.833-46.132 57.827 21.117-2.273 41.584-8.122 60.426-16.243-14.292 20.791-32.161 39.308-52.628 54.253z\" fill=\"currentColor\"><\/path><\/svg><\/span><\/a>\n\n<\/div><\/div>\n<\/div>\n<\/div>\n<\/div><\/div>\n<\/div>\n<\/div>\n<\/div>\n<\/section>\n\n\n<div class=\"wp-block-uagb-container uagb-block-i2bgix1s alignfull uagb-is-root-container\"><div class=\"uagb-container-inner-blocks-wrap\"><\/div><\/div>\n\n\n\n<div class=\"wp-block-uagb-container uagb-block-c5e41c8b alignfull uagb-is-root-container\"><div class=\"uagb-container-inner-blocks-wrap\"><\/div><\/div>\n","protected":false},"excerpt":{"rendered":"<p>Contacto Cont\u00e1ctanos hoy mismo \u00bfEst\u00e1s interesado en mejorar las condiciones laborales en su empresa? En Ergofacto ofrecemos servicios de ergonom\u00eda laboral para hacer de su empresa un lugar m\u00e1s c\u00f3modo y seguro para trabajar (01 )55 87 49 23 53 contacto@ergofacto.com.mx Av. Camino Real a Toluca. U.Santa F\u00e9. \u00c1lvaro Obreg\u00f3n, CDMX<\/p>\n","protected":false},"author":1,"featured_media":0,"parent":0,"menu_order":0,"comment_status":"closed","ping_status":"closed","template":"","meta":{"_eb_attr":"","_uag_custom_page_level_css":"","editor_plus_copied_stylings":"{}","footnotes":""},"class_list":["post-47","page","type-page","status-publish"],"aioseo_notices":[],"uagb_featured_image_src":{"full":false,"thumbnail":false,"medium":false,"medium_large":false,"large":false,"1536x1536":false,"2048x2048":false},"uagb_author_info":{"display_name":"Ergofacto","author_link":"https:\/\/ergofacto.com.mx\/?author=1"},"uagb_comment_info":0,"uagb_excerpt":"Contacto Cont\u00e1ctanos hoy mismo \u00bfEst\u00e1s interesado en mejorar las condiciones laborales en su empresa? En Ergofacto ofrecemos servicios de ergonom\u00eda laboral para hacer de su empresa un lugar m\u00e1s c\u00f3modo y seguro para trabajar (01 )55 87 49 23 53 contacto@ergofacto.com.mx Av. Camino Real a Toluca. U.Santa F\u00e9. \u00c1lvaro Obreg\u00f3n, CDMX","_links":{"self":[{"href":"https:\/\/ergofacto.com.mx\/index.php?rest_route=\/wp\/v2\/pages\/47","targetHints":{"allow":["GET"]}}],"collection":[{"href":"https:\/\/ergofacto.com.mx\/index.php?rest_route=\/wp\/v2\/pages"}],"about":[{"href":"https:\/\/ergofacto.com.mx\/index.php?rest_route=\/wp\/v2\/types\/page"}],"author":[{"embeddable":true,"href":"https:\/\/ergofacto.com.mx\/index.php?rest_route=\/wp\/v2\/users\/1"}],"replies":[{"embeddable":true,"href":"https:\/\/ergofacto.com.mx\/index.php?rest_route=%2Fwp%2Fv2%2Fcomments&post=47"}],"version-history":[{"count":23,"href":"https:\/\/ergofacto.com.mx\/index.php?rest_route=\/wp\/v2\/pages\/47\/revisions"}],"predecessor-version":[{"id":2884,"href":"https:\/\/ergofacto.com.mx\/index.php?rest_route=\/wp\/v2\/pages\/47\/revisions\/2884"}],"wp:attachment":[{"href":"https:\/\/ergofacto.com.mx\/index.php?rest_route=%2Fwp%2Fv2%2Fmedia&parent=47"}],"curies":[{"name":"wp","href":"https:\/\/api.w.org\/{rel}","templated":true}]}}